{"id":48,"date":"2026-01-22T11:04:03","date_gmt":"2026-01-22T11:04:03","guid":{"rendered":"https:\/\/gestoriadesande.com\/?page_id=48"},"modified":"2026-02-12T11:58:33","modified_gmt":"2026-02-12T11:58:33","slug":"extranjeria","status":"publish","type":"page","link":"https:\/\/gestoriadesande.com\/?page_id=48","title":{"rendered":"Extranjer\u00eda"},"content":{"rendered":"\t\t<div data-elementor-type=\"wp-page\" data-elementor-id=\"48\" class=\"elementor elementor-48\" data-elementor-post-type=\"page\">\n\t\t\t\t<div class=\"elementor-element elementor-element-55e14d11 e-con-full e-flex e-con e-parent\" data-id=\"55e14d11\" data-element_type=\"container\">\n\t\t\t\t<div class=\"elementor-element elementor-element-2ad8dd7d elementor--h-position-center elementor--v-position-middle elementor-arrows-position-inside elementor-pagination-position-inside elementor-widget elementor-widget-slides\" data-id=\"2ad8dd7d\" data-element_type=\"widget\" data-settings=\"{&quot;navigation&quot;:&quot;both&quot;,&quot;autoplay&quot;:&quot;yes&quot;,&quot;pause_on_hover&quot;:&quot;yes&quot;,&quot;pause_on_interaction&quot;:&quot;yes&quot;,&quot;autoplay_speed&quot;:5000,&quot;infinite&quot;:&quot;yes&quot;,&quot;transition&quot;:&quot;slide&quot;,&quot;transition_speed&quot;:500}\" data-widget_type=\"slides.default\">\n\t\t\t\t\t\t\t\t\t\t<div class=\"elementor-slides-wrapper elementor-main-swiper swiper\" role=\"region\" aria-roledescription=\"carousel\" aria-label=\"Slides\" dir=\"ltr\" data-animation=\"fadeInUp\">\n\t\t\t\t<div class=\"swiper-wrapper elementor-slides\">\n\t\t\t\t\t\t\t\t\t\t<div class=\"elementor-repeater-item-323ebab swiper-slide\" role=\"group\" aria-roledescription=\"slide\"><div class=\"swiper-slide-bg elementor-ken-burns elementor-ken-burns--in\" role=\"img\" aria-label=\"close-up-hands-opening-suitcase\"><\/div><div class=\"swiper-slide-inner\" ><div class=\"swiper-slide-contents\"><div class=\"elementor-slide-heading\">Extanjer\u00eda<\/div><\/div><\/div><\/div>\t\t\t\t<\/div>\n\t\t\t\t\t\t\t<\/div>\n\t\t\t\t\t\t\t\t<\/div>\n\t\t\t\t<\/div>\n\t\t<div class=\"elementor-element elementor-element-11665a2d e-flex e-con-boxed e-con e-parent\" data-id=\"11665a2d\" data-element_type=\"container\">\n\t\t\t\t\t<div class=\"e-con-inner\">\n\t\t\t\t<div class=\"elementor-element elementor-element-5db82d9f elementor-widget elementor-widget-text-editor\" data-id=\"5db82d9f\" data-element_type=\"widget\" data-widget_type=\"text-editor.default\">\n\t\t\t\t\t\t\t\t\t<h3 data-start=\"1692\" data-end=\"1707\">Extranjer\u00eda<\/h3><p data-start=\"1709\" data-end=\"1905\">Ofrecemos un servicio de <strong data-start=\"1734\" data-end=\"1772\">gestor\u00eda y asesor\u00eda en extranjer\u00eda<\/strong>, dirigido a <strong data-start=\"1785\" data-end=\"1823\">personas extranjeras y empleadores<\/strong>, facilitando la tramitaci\u00f3n de permisos y autorizaciones de residencia y trabajo.<\/p><p data-start=\"1907\" data-end=\"1997\">Acompa\u00f1amos en todo el proceso administrativo con un enfoque claro, cercano y profesional.<\/p>\t\t\t\t\t\t\t\t<\/div>\n\t\t\t\t\t<\/div>\n\t\t\t\t<\/div>\n\t\t<div class=\"elementor-element elementor-element-5a38e7af e-flex e-con-boxed e-con e-parent\" data-id=\"5a38e7af\" data-element_type=\"container\">\n\t\t\t\t\t<div class=\"e-con-inner\">\n\t\t<div class=\"elementor-element elementor-element-6d76f7ce e-con-full e-flex e-con e-child\" data-id=\"6d76f7ce\" data-element_type=\"container\">\n\t\t\t\t<div class=\"elementor-element elementor-element-243d048b elementor-widget elementor-widget-image\" data-id=\"243d048b\" data-element_type=\"widget\" data-widget_type=\"image.default\">\n\t\t\t\t\t\t\t\t\t\t\t\t\t\t\t<img fetchpriority=\"high\" decoding=\"async\" width=\"800\" height=\"598\" src=\"https:\/\/gestoriadesande.com\/wp-content\/uploads\/2026\/02\/extranejro-1024x765.png\" class=\"attachment-large size-large wp-image-212\" alt=\"\" srcset=\"https:\/\/gestoriadesande.com\/wp-content\/uploads\/2026\/02\/extranejro-1024x765.png 1024w, https:\/\/gestoriadesande.com\/wp-content\/uploads\/2026\/02\/extranejro-300x224.png 300w, https:\/\/gestoriadesande.com\/wp-content\/uploads\/2026\/02\/extranejro-768x574.png 768w, https:\/\/gestoriadesande.com\/wp-content\/uploads\/2026\/02\/extranejro-1536x1147.png 1536w, https:\/\/gestoriadesande.com\/wp-content\/uploads\/2026\/02\/extranejro-2048x1530.png 2048w\" sizes=\"(max-width: 800px) 100vw, 800px\" \/>\t\t\t\t\t\t\t\t\t\t\t\t\t\t\t<\/div>\n\t\t\t\t<\/div>\n\t\t<div class=\"elementor-element elementor-element-649db0f1 e-con-full e-flex e-con e-child\" data-id=\"649db0f1\" data-element_type=\"container\">\n\t\t\t\t<div class=\"elementor-element elementor-element-34ff17a1 elementor-widget elementor-widget-text-editor\" data-id=\"34ff17a1\" data-element_type=\"widget\" data-widget_type=\"text-editor.default\">\n\t\t\t\t\t\t\t\t\t<h5 data-start=\"1999\" data-end=\"2049\">\u00bfQu\u00e9 incluye nuestro servicio de extranjer\u00eda?<\/h5><p data-start=\"2050\" data-end=\"2126\">Asesoramos y gestionamos los principales tr\u00e1mites en materia de extranjer\u00eda.<\/p><ul data-start=\"2128\" data-end=\"2369\"><li data-start=\"2128\" data-end=\"2191\"><p data-start=\"2130\" data-end=\"2191\">Solicitud y renovaci\u00f3n de permisos de residencia y trabajo.<\/p><\/li><li data-start=\"2192\" data-end=\"2231\"><p data-start=\"2194\" data-end=\"2231\">Arraigo social, laboral y familiar.<\/p><\/li><li data-start=\"2232\" data-end=\"2258\"><p data-start=\"2234\" data-end=\"2258\">Reagrupaci\u00f3n familiar.<\/p><\/li><li data-start=\"2259\" data-end=\"2285\"><p data-start=\"2261\" data-end=\"2285\">Nacionalidad espa\u00f1ola.<\/p><\/li><li data-start=\"2286\" data-end=\"2324\"><p data-start=\"2288\" data-end=\"2324\">Tramitaci\u00f3n de NIE y certificados.<\/p><\/li><li data-start=\"2325\" data-end=\"2369\"><p data-start=\"2327\" data-end=\"2369\">Atenci\u00f3n a requerimientos administrativos.<\/p><\/li><\/ul>\t\t\t\t\t\t\t\t<\/div>\n\t\t\t\t<\/div>\n\t\t\t\t\t<\/div>\n\t\t\t\t<\/div>\n\t\t\t\t<\/div>\n\t\t","protected":false},"excerpt":{"rendered":"<p>Extanjer\u00eda Extranjer\u00eda Ofrecemos un servicio de gestor\u00eda y asesor\u00eda en extranjer\u00eda, dirigido a personas extranjeras y empleadores, facilitando la tramitaci\u00f3n de permisos y autorizaciones de residencia y trabajo. Acompa\u00f1amos en todo el proceso administrativo con un enfoque claro, cercano y profesional. \u00bfQu\u00e9 incluye nuestro servicio de extranjer\u00eda? Asesoramos y gestionamos los principales tr\u00e1mites en materia [&hellip;]<\/p>\n","protected":false},"author":1,"featured_media":0,"parent":0,"menu_order":0,"comment_status":"closed","ping_status":"closed","template":"elementor_header_footer","meta":{"footnotes":""},"class_list":["post-48","page","type-page","status-publish","hentry"],"_links":{"self":[{"href":"https:\/\/gestoriadesande.com\/index.php?rest_route=\/wp\/v2\/pages\/48","targetHints":{"allow":["GET"]}}],"collection":[{"href":"https:\/\/gestoriadesande.com\/index.php?rest_route=\/wp\/v2\/pages"}],"about":[{"href":"https:\/\/gestoriadesande.com\/index.php?rest_route=\/wp\/v2\/types\/page"}],"author":[{"embeddable":true,"href":"https:\/\/gestoriadesande.com\/index.php?rest_route=\/wp\/v2\/users\/1"}],"replies":[{"embeddable":true,"href":"https:\/\/gestoriadesande.com\/index.php?rest_route=%2Fwp%2Fv2%2Fcomments&post=48"}],"version-history":[{"count":4,"href":"https:\/\/gestoriadesande.com\/index.php?rest_route=\/wp\/v2\/pages\/48\/revisions"}],"predecessor-version":[{"id":215,"href":"https:\/\/gestoriadesande.com\/index.php?rest_route=\/wp\/v2\/pages\/48\/revisions\/215"}],"wp:attachment":[{"href":"https:\/\/gestoriadesande.com\/index.php?rest_route=%2Fwp%2Fv2%2Fmedia&parent=48"}],"curies":[{"name":"wp","href":"https:\/\/api.w.org\/{rel}","templated":true}]}}