{"id":40,"date":"2026-01-22T11:01:36","date_gmt":"2026-01-22T11:01:36","guid":{"rendered":"https:\/\/gestoriadesande.com\/?page_id=40"},"modified":"2026-02-11T15:18:14","modified_gmt":"2026-02-11T15:18:14","slug":"herencias","status":"publish","type":"page","link":"https:\/\/gestoriadesande.com\/?page_id=40","title":{"rendered":"Herencias"},"content":{"rendered":"\t\t<div data-elementor-type=\"wp-page\" data-elementor-id=\"40\" class=\"elementor elementor-40\" data-elementor-post-type=\"page\">\n\t\t\t\t<div class=\"elementor-element elementor-element-6c5f3da1 e-con-full e-flex e-con e-parent\" data-id=\"6c5f3da1\" data-element_type=\"container\">\n\t\t\t\t<div class=\"elementor-element elementor-element-d04eaed elementor--h-position-center elementor--v-position-middle elementor-arrows-position-inside elementor-pagination-position-inside elementor-widget elementor-widget-slides\" data-id=\"d04eaed\" data-element_type=\"widget\" data-settings=\"{&quot;navigation&quot;:&quot;both&quot;,&quot;autoplay&quot;:&quot;yes&quot;,&quot;pause_on_hover&quot;:&quot;yes&quot;,&quot;pause_on_interaction&quot;:&quot;yes&quot;,&quot;autoplay_speed&quot;:5000,&quot;infinite&quot;:&quot;yes&quot;,&quot;transition&quot;:&quot;slide&quot;,&quot;transition_speed&quot;:500}\" data-widget_type=\"slides.default\">\n\t\t\t\t\t\t\t\t\t\t<div class=\"elementor-slides-wrapper elementor-main-swiper swiper\" role=\"region\" aria-roledescription=\"carousel\" aria-label=\"Slides\" dir=\"ltr\" data-animation=\"fadeInUp\">\n\t\t\t\t<div class=\"swiper-wrapper elementor-slides\">\n\t\t\t\t\t\t\t\t\t\t<div class=\"elementor-repeater-item-323ebab swiper-slide\" role=\"group\" aria-roledescription=\"slide\"><div class=\"swiper-slide-bg elementor-ken-burns elementor-ken-burns--in\" role=\"img\" aria-label=\"Person filling out a mail-in ballot at home, pen in hand and focused expression\"><\/div><div class=\"swiper-slide-inner\" ><div class=\"swiper-slide-contents\"><div class=\"elementor-slide-heading\">Herencias<\/div><\/div><\/div><\/div>\t\t\t\t<\/div>\n\t\t\t\t\t\t\t<\/div>\n\t\t\t\t\t\t\t\t<\/div>\n\t\t\t\t<\/div>\n\t\t<div class=\"elementor-element elementor-element-716d9e34 e-flex e-con-boxed e-con e-parent\" data-id=\"716d9e34\" data-element_type=\"container\">\n\t\t\t\t\t<div class=\"e-con-inner\">\n\t\t\t\t<div class=\"elementor-element elementor-element-26be3c6 elementor-widget elementor-widget-text-editor\" data-id=\"26be3c6\" data-element_type=\"widget\" data-widget_type=\"text-editor.default\">\n\t\t\t\t\t\t\t\t\t<h3 data-start=\"144\" data-end=\"157\">Herencias<\/h3><p data-start=\"159\" data-end=\"388\">Ofrecemos un servicio integral de <strong data-start=\"193\" data-end=\"234\">gestor\u00eda y asesoramiento en herencias<\/strong>, dirigido a <strong data-start=\"247\" data-end=\"274\">particulares y familias<\/strong>, acompa\u00f1ando en todo el proceso con cercan\u00eda, claridad y seguridad jur\u00eddica en un momento especialmente delicado.<\/p><p data-start=\"390\" data-end=\"594\">Nos ocupamos de la gesti\u00f3n completa de los tr\u00e1mites hereditarios, evitando errores, retrasos y complicaciones administrativas, y asegurando el correcto cumplimiento de las obligaciones legales y fiscales.<\/p>\t\t\t\t\t\t\t\t<\/div>\n\t\t\t\t\t<\/div>\n\t\t\t\t<\/div>\n\t\t<div class=\"elementor-element elementor-element-5aabfb75 e-flex e-con-boxed e-con e-parent\" data-id=\"5aabfb75\" data-element_type=\"container\">\n\t\t\t\t\t<div class=\"e-con-inner\">\n\t\t<div class=\"elementor-element elementor-element-ca36549 e-con-full e-flex e-con e-child\" data-id=\"ca36549\" data-element_type=\"container\">\n\t\t\t\t<div class=\"elementor-element elementor-element-75acaec1 elementor-widget elementor-widget-image\" data-id=\"75acaec1\" data-element_type=\"widget\" data-widget_type=\"image.default\">\n\t\t\t\t\t\t\t\t\t\t\t\t\t\t\t<img fetchpriority=\"high\" decoding=\"async\" width=\"800\" height=\"800\" src=\"https:\/\/gestoriadesande.com\/wp-content\/uploads\/2026\/02\/herencia-1024x1024.png\" class=\"attachment-large size-large wp-image-194\" alt=\"\" srcset=\"https:\/\/gestoriadesande.com\/wp-content\/uploads\/2026\/02\/herencia-1024x1024.png 1024w, https:\/\/gestoriadesande.com\/wp-content\/uploads\/2026\/02\/herencia-300x300.png 300w, https:\/\/gestoriadesande.com\/wp-content\/uploads\/2026\/02\/herencia-768x768.png 768w\" sizes=\"(max-width: 800px) 100vw, 800px\" \/>\t\t\t\t\t\t\t\t\t\t\t\t\t\t\t<\/div>\n\t\t\t\t<\/div>\n\t\t<div class=\"elementor-element elementor-element-251f4a62 e-con-full e-flex e-con e-child\" data-id=\"251f4a62\" data-element_type=\"container\">\n\t\t\t\t<div class=\"elementor-element elementor-element-79f7a01c elementor-widget elementor-widget-text-editor\" data-id=\"79f7a01c\" data-element_type=\"widget\" data-widget_type=\"text-editor.default\">\n\t\t\t\t\t\t\t\t\t<h5 data-start=\"596\" data-end=\"644\">Qu\u00e9 incluye nuestro servicio de herencias?<\/h5><p data-start=\"645\" data-end=\"761\">Analizamos cada caso de forma personalizada para ofrecer soluciones adaptadas a la situaci\u00f3n familiar y patrimonial.<\/p><ul data-start=\"763\" data-end=\"1241\"><li data-start=\"763\" data-end=\"818\"><p data-start=\"765\" data-end=\"818\">Asesoramiento inicial sobre el proceso hereditario.<\/p><\/li><li data-start=\"819\" data-end=\"879\"><p data-start=\"821\" data-end=\"879\">Preparaci\u00f3n y tramitaci\u00f3n de la documentaci\u00f3n necesaria.<\/p><\/li><li data-start=\"880\" data-end=\"935\"><p data-start=\"882\" data-end=\"935\">Gesti\u00f3n del Impuesto sobre Sucesiones y Donaciones.<\/p><\/li><li data-start=\"936\" data-end=\"995\"><p data-start=\"938\" data-end=\"995\">Tramitaci\u00f3n de plusval\u00eda municipal, cuando corresponda.<\/p><\/li><li data-start=\"996\" data-end=\"1050\"><p data-start=\"998\" data-end=\"1050\">Elaboraci\u00f3n y revisi\u00f3n de cuadernos particionales.<\/p><\/li><li data-start=\"1051\" data-end=\"1116\"><p data-start=\"1053\" data-end=\"1116\">Asesoramiento en aceptaci\u00f3n, renuncia o reparto de herencias.<\/p><\/li><li data-start=\"1117\" data-end=\"1191\"><p data-start=\"1119\" data-end=\"1191\">Regularizaci\u00f3n de bienes inmuebles, cuentas bancarias y otros activos.<\/p><\/li><li data-start=\"1192\" data-end=\"1241\"><p data-start=\"1194\" data-end=\"1241\">Atenci\u00f3n a requerimientos de la Administraci\u00f3n.<\/p><\/li><\/ul>\t\t\t\t\t\t\t\t<\/div>\n\t\t\t\t<\/div>\n\t\t\t\t\t<\/div>\n\t\t\t\t<\/div>\n\t\t\t\t<\/div>\n\t\t","protected":false},"excerpt":{"rendered":"<p>Herencias Herencias Ofrecemos un servicio integral de gestor\u00eda y asesoramiento en herencias, dirigido a particulares y familias, acompa\u00f1ando en todo el proceso con cercan\u00eda, claridad y seguridad jur\u00eddica en un momento especialmente delicado. Nos ocupamos de la gesti\u00f3n completa de los tr\u00e1mites hereditarios, evitando errores, retrasos y complicaciones administrativas, y asegurando el correcto cumplimiento de [&hellip;]<\/p>\n","protected":false},"author":1,"featured_media":0,"parent":0,"menu_order":0,"comment_status":"closed","ping_status":"closed","template":"elementor_header_footer","meta":{"footnotes":""},"class_list":["post-40","page","type-page","status-publish","hentry"],"_links":{"self":[{"href":"https:\/\/gestoriadesande.com\/index.php?rest_route=\/wp\/v2\/pages\/40","targetHints":{"allow":["GET"]}}],"collection":[{"href":"https:\/\/gestoriadesande.com\/index.php?rest_route=\/wp\/v2\/pages"}],"about":[{"href":"https:\/\/gestoriadesande.com\/index.php?rest_route=\/wp\/v2\/types\/page"}],"author":[{"embeddable":true,"href":"https:\/\/gestoriadesande.com\/index.php?rest_route=\/wp\/v2\/users\/1"}],"replies":[{"embeddable":true,"href":"https:\/\/gestoriadesande.com\/index.php?rest_route=%2Fwp%2Fv2%2Fcomments&post=40"}],"version-history":[{"count":4,"href":"https:\/\/gestoriadesande.com\/index.php?rest_route=\/wp\/v2\/pages\/40\/revisions"}],"predecessor-version":[{"id":197,"href":"https:\/\/gestoriadesande.com\/index.php?rest_route=\/wp\/v2\/pages\/40\/revisions\/197"}],"wp:attachment":[{"href":"https:\/\/gestoriadesande.com\/index.php?rest_route=%2Fwp%2Fv2%2Fmedia&parent=40"}],"curies":[{"name":"wp","href":"https:\/\/api.w.org\/{rel}","templated":true}]}}