{"id":38,"date":"2026-01-22T11:01:16","date_gmt":"2026-01-22T11:01:16","guid":{"rendered":"https:\/\/gestoriadesande.com\/?page_id=38"},"modified":"2026-02-11T14:54:19","modified_gmt":"2026-02-11T14:54:19","slug":"declaracion-de-la-renta","status":"publish","type":"page","link":"https:\/\/gestoriadesande.com\/?page_id=38","title":{"rendered":"Declaraci\u00f3n de la renta"},"content":{"rendered":"\t\t<div data-elementor-type=\"wp-page\" data-elementor-id=\"38\" class=\"elementor elementor-38\" data-elementor-post-type=\"page\">\n\t\t\t\t<div class=\"elementor-element elementor-element-27d7d8b5 e-con-full e-flex e-con e-parent\" data-id=\"27d7d8b5\" data-element_type=\"container\">\n\t\t\t\t<div class=\"elementor-element elementor-element-63346bc2 elementor--h-position-center elementor--v-position-middle elementor-arrows-position-inside elementor-pagination-position-inside elementor-widget elementor-widget-slides\" data-id=\"63346bc2\" data-element_type=\"widget\" data-settings=\"{&quot;navigation&quot;:&quot;both&quot;,&quot;autoplay&quot;:&quot;yes&quot;,&quot;pause_on_hover&quot;:&quot;yes&quot;,&quot;pause_on_interaction&quot;:&quot;yes&quot;,&quot;autoplay_speed&quot;:5000,&quot;infinite&quot;:&quot;yes&quot;,&quot;transition&quot;:&quot;slide&quot;,&quot;transition_speed&quot;:500}\" data-widget_type=\"slides.default\">\n\t\t\t\t\t\t\t\t\t\t<div class=\"elementor-slides-wrapper elementor-main-swiper swiper\" role=\"region\" aria-roledescription=\"carousel\" aria-label=\"Slides\" dir=\"ltr\" data-animation=\"fadeInUp\">\n\t\t\t\t<div class=\"swiper-wrapper elementor-slides\">\n\t\t\t\t\t\t\t\t\t\t<div class=\"elementor-repeater-item-323ebab swiper-slide\" role=\"group\" aria-roledescription=\"slide\"><div class=\"swiper-slide-bg elementor-ken-burns elementor-ken-burns--in\" role=\"img\" aria-label=\"Hands of female entrepreneur working with bills and documents\"><\/div><div class=\"swiper-slide-inner\" ><div class=\"swiper-slide-contents\"><div class=\"elementor-slide-heading\">Declaraci\u00f3n de la renta<\/div><\/div><\/div><\/div>\t\t\t\t<\/div>\n\t\t\t\t\t\t\t<\/div>\n\t\t\t\t\t\t\t\t<\/div>\n\t\t\t\t<\/div>\n\t\t<div class=\"elementor-element elementor-element-66899017 e-flex e-con-boxed e-con e-parent\" data-id=\"66899017\" data-element_type=\"container\">\n\t\t\t\t\t<div class=\"e-con-inner\">\n\t\t\t\t<div class=\"elementor-element elementor-element-71bbad87 elementor-widget elementor-widget-text-editor\" data-id=\"71bbad87\" data-element_type=\"widget\" data-widget_type=\"text-editor.default\">\n\t\t\t\t\t\t\t\t\t<h3 data-start=\"107\" data-end=\"134\">Declaraci\u00f3n de la Renta<\/h3><p data-start=\"136\" data-end=\"377\">Ofrecemos un servicio de <strong data-start=\"161\" data-end=\"205\">gestor\u00eda para la Declaraci\u00f3n de la Renta<\/strong> dirigido a <strong data-start=\"217\" data-end=\"295\">particulares, aut\u00f3nomos y contribuyentes con distintas fuentes de ingresos<\/strong>, garantizando una tramitaci\u00f3n correcta, segura y ajustada a la normativa vigente.<\/p><p data-start=\"379\" data-end=\"552\">Nos encargamos de todo el proceso para que presentes tu declaraci\u00f3n con tranquilidad, evitando errores y aprovechando todas las deducciones y beneficios fiscales aplicables.<\/p>\t\t\t\t\t\t\t\t<\/div>\n\t\t\t\t\t<\/div>\n\t\t\t\t<\/div>\n\t\t<div class=\"elementor-element elementor-element-4ba6930e e-flex e-con-boxed e-con e-parent\" data-id=\"4ba6930e\" data-element_type=\"container\">\n\t\t\t\t\t<div class=\"e-con-inner\">\n\t\t<div class=\"elementor-element elementor-element-670ebda0 e-con-full e-flex e-con e-child\" data-id=\"670ebda0\" data-element_type=\"container\">\n\t\t\t\t<div class=\"elementor-element elementor-element-71077563 elementor-widget elementor-widget-image\" data-id=\"71077563\" data-element_type=\"widget\" data-widget_type=\"image.default\">\n\t\t\t\t\t\t\t\t\t\t\t\t\t\t\t<img fetchpriority=\"high\" decoding=\"async\" width=\"800\" height=\"800\" src=\"https:\/\/gestoriadesande.com\/wp-content\/uploads\/2026\/02\/DECLARACION-1024x1024.png\" class=\"attachment-large size-large wp-image-188\" alt=\"\" srcset=\"https:\/\/gestoriadesande.com\/wp-content\/uploads\/2026\/02\/DECLARACION-1024x1024.png 1024w, https:\/\/gestoriadesande.com\/wp-content\/uploads\/2026\/02\/DECLARACION-300x300.png 300w, https:\/\/gestoriadesande.com\/wp-content\/uploads\/2026\/02\/DECLARACION-768x768.png 768w\" sizes=\"(max-width: 800px) 100vw, 800px\" \/>\t\t\t\t\t\t\t\t\t\t\t\t\t\t\t<\/div>\n\t\t\t\t<\/div>\n\t\t<div class=\"elementor-element elementor-element-22ce1dd8 e-con-full e-flex e-con e-child\" data-id=\"22ce1dd8\" data-element_type=\"container\">\n\t\t\t\t<div class=\"elementor-element elementor-element-4b2dd7c0 elementor-widget elementor-widget-text-editor\" data-id=\"4b2dd7c0\" data-element_type=\"widget\" data-widget_type=\"text-editor.default\">\n\t\t\t\t\t\t\t\t\t<h4 data-start=\"2608\" data-end=\"2629\">Asesor\u00eda jur\u00eddica<\/h4><p data-start=\"2631\" data-end=\"2844\">Prestamos un servicio de <strong data-start=\"2656\" data-end=\"2677\">asesor\u00eda jur\u00eddica<\/strong> orientado a <strong data-start=\"2690\" data-end=\"2728\">empresas, aut\u00f3nomos y particulares<\/strong>, ofreciendo apoyo legal en el \u00e1mbito <strong data-start=\"2766\" data-end=\"2803\">mercantil, civil y administrativo<\/strong>, con un enfoque preventivo y resolutivo.<\/p><h5 data-start=\"2846\" data-end=\"2902\">\u00bfQu\u00e9 incluye nuestro servicio de asesor\u00eda jur\u00eddica?<\/h5><p data-start=\"2903\" data-end=\"3022\">Analizamos cada caso de forma personalizada para ofrecer soluciones claras, seguras y ajustadas a la normativa vigente.<\/p><ul data-start=\"3024\" data-end=\"3419\"><li data-start=\"3024\" data-end=\"3078\"><p data-start=\"3026\" data-end=\"3078\">Asesoramiento jur\u00eddico mercantil y administrativo.<\/p><\/li><li data-start=\"3079\" data-end=\"3137\"><p data-start=\"3081\" data-end=\"3137\">Constituci\u00f3n, modificaci\u00f3n y disoluci\u00f3n de sociedades.<\/p><\/li><li data-start=\"3138\" data-end=\"3178\"><p data-start=\"3140\" data-end=\"3178\">Elaboraci\u00f3n y revisi\u00f3n de contratos.<\/p><\/li><li data-start=\"3179\" data-end=\"3231\"><p data-start=\"3181\" data-end=\"3231\">Tramitaci\u00f3n de herencias y gestiones sucesorias.<\/p><\/li><li data-start=\"3232\" data-end=\"3292\"><p data-start=\"3234\" data-end=\"3292\">Asistencia en procedimientos y tr\u00e1mites administrativos.<\/p><\/li><li data-start=\"3293\" data-end=\"3350\"><p data-start=\"3295\" data-end=\"3350\">Gesti\u00f3n de notificaciones y requerimientos oficiales.<\/p><\/li><li data-start=\"3351\" data-end=\"3419\"><p data-start=\"3353\" data-end=\"3419\">Apoyo legal para la toma de decisiones empresariales y personales.<\/p><\/li><\/ul>\t\t\t\t\t\t\t\t<\/div>\n\t\t\t\t<\/div>\n\t\t\t\t\t<\/div>\n\t\t\t\t<\/div>\n\t\t\t\t<\/div>\n\t\t","protected":false},"excerpt":{"rendered":"<p>Declaraci\u00f3n de la renta Declaraci\u00f3n de la Renta Ofrecemos un servicio de gestor\u00eda para la Declaraci\u00f3n de la Renta dirigido a particulares, aut\u00f3nomos y contribuyentes con distintas fuentes de ingresos, garantizando una tramitaci\u00f3n correcta, segura y ajustada a la normativa vigente. Nos encargamos de todo el proceso para que presentes tu declaraci\u00f3n con tranquilidad, evitando [&hellip;]<\/p>\n","protected":false},"author":1,"featured_media":0,"parent":0,"menu_order":0,"comment_status":"closed","ping_status":"closed","template":"elementor_header_footer","meta":{"footnotes":""},"class_list":["post-38","page","type-page","status-publish","hentry"],"_links":{"self":[{"href":"https:\/\/gestoriadesande.com\/index.php?rest_route=\/wp\/v2\/pages\/38","targetHints":{"allow":["GET"]}}],"collection":[{"href":"https:\/\/gestoriadesande.com\/index.php?rest_route=\/wp\/v2\/pages"}],"about":[{"href":"https:\/\/gestoriadesande.com\/index.php?rest_route=\/wp\/v2\/types\/page"}],"author":[{"embeddable":true,"href":"https:\/\/gestoriadesande.com\/index.php?rest_route=\/wp\/v2\/users\/1"}],"replies":[{"embeddable":true,"href":"https:\/\/gestoriadesande.com\/index.php?rest_route=%2Fwp%2Fv2%2Fcomments&post=38"}],"version-history":[{"count":4,"href":"https:\/\/gestoriadesande.com\/index.php?rest_route=\/wp\/v2\/pages\/38\/revisions"}],"predecessor-version":[{"id":191,"href":"https:\/\/gestoriadesande.com\/index.php?rest_route=\/wp\/v2\/pages\/38\/revisions\/191"}],"wp:attachment":[{"href":"https:\/\/gestoriadesande.com\/index.php?rest_route=%2Fwp%2Fv2%2Fmedia&parent=38"}],"curies":[{"name":"wp","href":"https:\/\/api.w.org\/{rel}","templated":true}]}}