{"id":36,"date":"2026-01-22T10:59:27","date_gmt":"2026-01-22T10:59:27","guid":{"rendered":"https:\/\/gestoriadesande.com\/?page_id=36"},"modified":"2026-02-11T14:45:47","modified_gmt":"2026-02-11T14:45:47","slug":"juridico","status":"publish","type":"page","link":"https:\/\/gestoriadesande.com\/?page_id=36","title":{"rendered":"Jur\u00eddico"},"content":{"rendered":"\t\t<div data-elementor-type=\"wp-page\" data-elementor-id=\"36\" class=\"elementor elementor-36\" data-elementor-post-type=\"page\">\n\t\t\t\t<div class=\"elementor-element elementor-element-6c2470a3 e-con-full e-flex e-con e-parent\" data-id=\"6c2470a3\" data-element_type=\"container\">\n\t\t\t\t<div class=\"elementor-element elementor-element-c4a2af0 elementor--h-position-center elementor--v-position-middle elementor-arrows-position-inside elementor-pagination-position-inside elementor-widget elementor-widget-slides\" data-id=\"c4a2af0\" data-element_type=\"widget\" data-settings=\"{&quot;navigation&quot;:&quot;both&quot;,&quot;autoplay&quot;:&quot;yes&quot;,&quot;pause_on_hover&quot;:&quot;yes&quot;,&quot;pause_on_interaction&quot;:&quot;yes&quot;,&quot;autoplay_speed&quot;:5000,&quot;infinite&quot;:&quot;yes&quot;,&quot;transition&quot;:&quot;slide&quot;,&quot;transition_speed&quot;:500}\" data-widget_type=\"slides.default\">\n\t\t\t\t\t\t\t\t\t\t<div class=\"elementor-slides-wrapper elementor-main-swiper swiper\" role=\"region\" aria-roledescription=\"carousel\" aria-label=\"Slides\" dir=\"ltr\" data-animation=\"fadeInUp\">\n\t\t\t\t<div class=\"swiper-wrapper elementor-slides\">\n\t\t\t\t\t\t\t\t\t\t<div class=\"elementor-repeater-item-323ebab swiper-slide\" role=\"group\" aria-roledescription=\"slide\"><div class=\"swiper-slide-bg elementor-ken-burns elementor-ken-burns--in\" role=\"img\" aria-label=\"Grey marble column details on building in Shanghai,China.\"><\/div><div class=\"swiper-slide-inner\" ><div class=\"swiper-slide-contents\"><div class=\"elementor-slide-heading\">Asesoramiento<\/div><div class=\"elementor-slide-description\">jur\u00eddica<\/div><\/div><\/div><\/div>\t\t\t\t<\/div>\n\t\t\t\t\t\t\t<\/div>\n\t\t\t\t\t\t\t\t<\/div>\n\t\t\t\t<\/div>\n\t\t<div class=\"elementor-element elementor-element-4d8a2dde e-flex e-con-boxed e-con e-parent\" data-id=\"4d8a2dde\" data-element_type=\"container\">\n\t\t\t\t\t<div class=\"e-con-inner\">\n\t\t\t\t<div class=\"elementor-element elementor-element-70bf2a96 elementor-widget elementor-widget-text-editor\" data-id=\"70bf2a96\" data-element_type=\"widget\" data-widget_type=\"text-editor.default\">\n\t\t\t\t\t\t\t\t\t<h3 data-start=\"1786\" data-end=\"1807\">Asesor\u00eda jur\u00eddica<\/h3><p data-start=\"1808\" data-end=\"2159\">Ofrecemos apoyo jur\u00eddico en el \u00e1mbito <strong data-start=\"1846\" data-end=\"1883\">mercantil, civil y administrativo<\/strong>, asesorando en la constituci\u00f3n y disoluci\u00f3n de sociedades, elaboraci\u00f3n y revisi\u00f3n de contratos, herencias, tr\u00e1mites administrativos y gestiones ante organismos p\u00fablicos. Actuamos como respaldo legal para prevenir conflictos y resolverlos de forma eficaz cuando sea necesario.<\/p>\t\t\t\t\t\t\t\t<\/div>\n\t\t\t\t\t<\/div>\n\t\t\t\t<\/div>\n\t\t<div class=\"elementor-element elementor-element-53613ef1 e-flex e-con-boxed e-con e-parent\" data-id=\"53613ef1\" data-element_type=\"container\">\n\t\t\t\t\t<div class=\"e-con-inner\">\n\t\t<div class=\"elementor-element elementor-element-1ae55d5c e-con-full e-flex e-con e-child\" data-id=\"1ae55d5c\" data-element_type=\"container\">\n\t\t\t\t<div class=\"elementor-element elementor-element-7f538c8a elementor-widget elementor-widget-image\" data-id=\"7f538c8a\" data-element_type=\"widget\" data-widget_type=\"image.default\">\n\t\t\t\t\t\t\t\t\t\t\t\t\t\t\t<img fetchpriority=\"high\" decoding=\"async\" width=\"800\" height=\"800\" src=\"https:\/\/gestoriadesande.com\/wp-content\/uploads\/2026\/02\/juridico-1024x1024.png\" class=\"attachment-large size-large wp-image-168\" alt=\"\" srcset=\"https:\/\/gestoriadesande.com\/wp-content\/uploads\/2026\/02\/juridico-1024x1024.png 1024w, https:\/\/gestoriadesande.com\/wp-content\/uploads\/2026\/02\/juridico-300x300.png 300w, https:\/\/gestoriadesande.com\/wp-content\/uploads\/2026\/02\/juridico-768x768.png 768w\" sizes=\"(max-width: 800px) 100vw, 800px\" \/>\t\t\t\t\t\t\t\t\t\t\t\t\t\t\t<\/div>\n\t\t\t\t<\/div>\n\t\t<div class=\"elementor-element elementor-element-321ed49b e-con-full e-flex e-con e-child\" data-id=\"321ed49b\" data-element_type=\"container\">\n\t\t\t\t<div class=\"elementor-element elementor-element-94d71dc elementor-widget elementor-widget-text-editor\" data-id=\"94d71dc\" data-element_type=\"widget\" data-widget_type=\"text-editor.default\">\n\t\t\t\t\t\t\t\t\t<h4 data-start=\"2608\" data-end=\"2629\">Asesor\u00eda jur\u00eddica<\/h4><p data-start=\"2631\" data-end=\"2844\">Prestamos un servicio de <strong data-start=\"2656\" data-end=\"2677\">asesor\u00eda jur\u00eddica<\/strong> orientado a <strong data-start=\"2690\" data-end=\"2728\">empresas, aut\u00f3nomos y particulares<\/strong>, ofreciendo apoyo legal en el \u00e1mbito <strong data-start=\"2766\" data-end=\"2803\">mercantil, civil y administrativo<\/strong>, con un enfoque preventivo y resolutivo.<\/p><h5 data-start=\"2846\" data-end=\"2902\">\u00bfQu\u00e9 incluye nuestro servicio de asesor\u00eda jur\u00eddica?<\/h5><p data-start=\"2903\" data-end=\"3022\">Analizamos cada caso de forma personalizada para ofrecer soluciones claras, seguras y ajustadas a la normativa vigente.<\/p><ul data-start=\"3024\" data-end=\"3419\"><li data-start=\"3024\" data-end=\"3078\"><p data-start=\"3026\" data-end=\"3078\">Asesoramiento jur\u00eddico mercantil y administrativo.<\/p><\/li><li data-start=\"3079\" data-end=\"3137\"><p data-start=\"3081\" data-end=\"3137\">Constituci\u00f3n, modificaci\u00f3n y disoluci\u00f3n de sociedades.<\/p><\/li><li data-start=\"3138\" data-end=\"3178\"><p data-start=\"3140\" data-end=\"3178\">Elaboraci\u00f3n y revisi\u00f3n de contratos.<\/p><\/li><li data-start=\"3179\" data-end=\"3231\"><p data-start=\"3181\" data-end=\"3231\">Tramitaci\u00f3n de herencias y gestiones sucesorias.<\/p><\/li><li data-start=\"3232\" data-end=\"3292\"><p data-start=\"3234\" data-end=\"3292\">Asistencia en procedimientos y tr\u00e1mites administrativos.<\/p><\/li><li data-start=\"3293\" data-end=\"3350\"><p data-start=\"3295\" data-end=\"3350\">Gesti\u00f3n de notificaciones y requerimientos oficiales.<\/p><\/li><li data-start=\"3351\" data-end=\"3419\"><p data-start=\"3353\" data-end=\"3419\">Apoyo legal para la toma de decisiones empresariales y personales.<\/p><\/li><\/ul>\t\t\t\t\t\t\t\t<\/div>\n\t\t\t\t<\/div>\n\t\t\t\t\t<\/div>\n\t\t\t\t<\/div>\n\t\t\t\t<\/div>\n\t\t","protected":false},"excerpt":{"rendered":"<p>Asesoramientojur\u00eddica Asesor\u00eda jur\u00eddica Ofrecemos apoyo jur\u00eddico en el \u00e1mbito mercantil, civil y administrativo, asesorando en la constituci\u00f3n y disoluci\u00f3n de sociedades, elaboraci\u00f3n y revisi\u00f3n de contratos, herencias, tr\u00e1mites administrativos y gestiones ante organismos p\u00fablicos. Actuamos como respaldo legal para prevenir conflictos y resolverlos de forma eficaz cuando sea necesario. Asesor\u00eda jur\u00eddica Prestamos un servicio de [&hellip;]<\/p>\n","protected":false},"author":1,"featured_media":0,"parent":0,"menu_order":0,"comment_status":"closed","ping_status":"closed","template":"elementor_header_footer","meta":{"footnotes":""},"class_list":["post-36","page","type-page","status-publish","hentry"],"_links":{"self":[{"href":"https:\/\/gestoriadesande.com\/index.php?rest_route=\/wp\/v2\/pages\/36","targetHints":{"allow":["GET"]}}],"collection":[{"href":"https:\/\/gestoriadesande.com\/index.php?rest_route=\/wp\/v2\/pages"}],"about":[{"href":"https:\/\/gestoriadesande.com\/index.php?rest_route=\/wp\/v2\/types\/page"}],"author":[{"embeddable":true,"href":"https:\/\/gestoriadesande.com\/index.php?rest_route=\/wp\/v2\/users\/1"}],"replies":[{"embeddable":true,"href":"https:\/\/gestoriadesande.com\/index.php?rest_route=%2Fwp%2Fv2%2Fcomments&post=36"}],"version-history":[{"count":4,"href":"https:\/\/gestoriadesande.com\/index.php?rest_route=\/wp\/v2\/pages\/36\/revisions"}],"predecessor-version":[{"id":184,"href":"https:\/\/gestoriadesande.com\/index.php?rest_route=\/wp\/v2\/pages\/36\/revisions\/184"}],"wp:attachment":[{"href":"https:\/\/gestoriadesande.com\/index.php?rest_route=%2Fwp%2Fv2%2Fmedia&parent=36"}],"curies":[{"name":"wp","href":"https:\/\/api.w.org\/{rel}","templated":true}]}}