{"id":32,"date":"2026-01-22T10:58:25","date_gmt":"2026-01-22T10:58:25","guid":{"rendered":"https:\/\/gestoriadesande.com\/?page_id=32"},"modified":"2026-02-11T14:30:41","modified_gmt":"2026-02-11T14:30:41","slug":"contable-y-fiscal","status":"publish","type":"page","link":"https:\/\/gestoriadesande.com\/?page_id=32","title":{"rendered":"Contable y fiscal"},"content":{"rendered":"\t\t<div data-elementor-type=\"wp-page\" data-elementor-id=\"32\" class=\"elementor elementor-32\" data-elementor-post-type=\"page\">\n\t\t\t\t<div class=\"elementor-element elementor-element-35ea7b60 e-con-full e-flex e-con e-parent\" data-id=\"35ea7b60\" data-element_type=\"container\">\n\t\t\t\t<div class=\"elementor-element elementor-element-3f5b1c37 elementor--h-position-center elementor--v-position-middle elementor-widget elementor-widget-slides\" data-id=\"3f5b1c37\" data-element_type=\"widget\" data-settings=\"{&quot;navigation&quot;:&quot;none&quot;,&quot;autoplay&quot;:&quot;yes&quot;,&quot;pause_on_hover&quot;:&quot;yes&quot;,&quot;pause_on_interaction&quot;:&quot;yes&quot;,&quot;autoplay_speed&quot;:5000,&quot;infinite&quot;:&quot;yes&quot;,&quot;transition&quot;:&quot;slide&quot;,&quot;transition_speed&quot;:500}\" data-widget_type=\"slides.default\">\n\t\t\t\t\t\t\t\t\t\t<div class=\"elementor-slides-wrapper elementor-main-swiper swiper\" role=\"region\" aria-roledescription=\"carousel\" aria-label=\"Slides\" dir=\"ltr\" data-animation=\"fadeInUp\">\n\t\t\t\t<div class=\"swiper-wrapper elementor-slides\">\n\t\t\t\t\t\t\t\t\t\t<div class=\"elementor-repeater-item-323ebab swiper-slide\" role=\"group\" aria-roledescription=\"slide\"><div class=\"swiper-slide-bg elementor-ken-burns elementor-ken-burns--in\" role=\"img\" aria-label=\"Manager showing presentation details to boss. Two colleagues discussing content on computer monitor, pointing at display and talking at workplace with panoramic window. Business communication concept\"><\/div><div class=\"swiper-slide-inner\" ><div class=\"swiper-slide-contents\"><div class=\"elementor-slide-heading\">Asesoramiento<\/div><div class=\"elementor-slide-description\">Contable y fiscal<\/div><\/div><\/div><\/div>\t\t\t\t<\/div>\n\t\t\t\t\t\t\t<\/div>\n\t\t\t\t\t\t\t\t<\/div>\n\t\t\t\t<\/div>\n\t\t<div class=\"elementor-element elementor-element-7d50c167 e-flex e-con-boxed e-con e-parent\" data-id=\"7d50c167\" data-element_type=\"container\">\n\t\t\t\t\t<div class=\"e-con-inner\">\n\t\t\t\t<div class=\"elementor-element elementor-element-4d02a956 elementor-widget elementor-widget-text-editor\" data-id=\"4d02a956\" data-element_type=\"widget\" data-widget_type=\"text-editor.default\">\n\t\t\t\t\t\t\t\t\t<h3 data-start=\"855\" data-end=\"885\">Asesor\u00eda contable y fiscal<\/h3><p data-start=\"886\" data-end=\"1372\">Nos encargamos de la <strong data-start=\"907\" data-end=\"945\">gesti\u00f3n contable y fiscal completa<\/strong>, garantizando que tu actividad cumpla con la normativa vigente y optimizando tu carga tributaria dentro de la legalidad. Realizamos la llevanza de libros contables, presentaci\u00f3n de impuestos peri\u00f3dicos y anuales, declaraciones de IVA, IRPF e Impuesto de Sociedades, as\u00ed como el cierre contable y la elaboraci\u00f3n de cuentas anuales. Adem\u00e1s, ofrecemos asesoramiento preventivo para ayudarte a tomar decisiones con impacto fiscal.<\/p>\t\t\t\t\t\t\t\t<\/div>\n\t\t\t\t\t<\/div>\n\t\t\t\t<\/div>\n\t\t<div class=\"elementor-element elementor-element-545e4bb e-flex e-con-boxed e-con e-parent\" data-id=\"545e4bb\" data-element_type=\"container\">\n\t\t\t\t\t<div class=\"e-con-inner\">\n\t\t<div class=\"elementor-element elementor-element-ac5de98 e-con-full e-flex e-con e-child\" data-id=\"ac5de98\" data-element_type=\"container\">\n\t\t\t\t<div class=\"elementor-element elementor-element-a78df2a elementor-widget elementor-widget-image\" data-id=\"a78df2a\" data-element_type=\"widget\" data-widget_type=\"image.default\">\n\t\t\t\t\t\t\t\t\t\t\t\t\t\t\t<img fetchpriority=\"high\" decoding=\"async\" width=\"800\" height=\"620\" src=\"https:\/\/gestoriadesande.com\/wp-content\/uploads\/2026\/02\/fiscal.jpg\" class=\"attachment-large size-large wp-image-144\" alt=\"\" srcset=\"https:\/\/gestoriadesande.com\/wp-content\/uploads\/2026\/02\/fiscal.jpg 908w, https:\/\/gestoriadesande.com\/wp-content\/uploads\/2026\/02\/fiscal-300x233.jpg 300w, https:\/\/gestoriadesande.com\/wp-content\/uploads\/2026\/02\/fiscal-768x595.jpg 768w\" sizes=\"(max-width: 800px) 100vw, 800px\" \/>\t\t\t\t\t\t\t\t\t\t\t\t\t\t\t<\/div>\n\t\t\t\t<\/div>\n\t\t<div class=\"elementor-element elementor-element-4c0598e e-con-full e-flex e-con e-child\" data-id=\"4c0598e\" data-element_type=\"container\">\n\t\t\t\t<div class=\"elementor-element elementor-element-82eba24 elementor-widget elementor-widget-text-editor\" data-id=\"82eba24\" data-element_type=\"widget\" data-widget_type=\"text-editor.default\">\n\t\t\t\t\t\t\t\t\t<h4 data-start=\"140\" data-end=\"161\">Asesor\u00eda contable<\/h4><p data-start=\"163\" data-end=\"387\">Ofrecemos un servicio de <strong data-start=\"188\" data-end=\"218\">asesor\u00eda contable integral<\/strong> para <strong data-start=\"224\" data-end=\"262\">empresas, aut\u00f3nomos y particulares<\/strong>, tanto en <strong data-start=\"273\" data-end=\"283\">Madrid<\/strong>\u00a0como en el resto de Espa\u00f1a, adaptado a la normativa vigente y a las necesidades reales de cada cliente.<\/p><h5>\u00bfQu\u00e9 incluye nuestro servicio de asesor\u00eda contable?<\/h5><p data-start=\"446\" data-end=\"585\">Trabajamos con <strong data-start=\"461\" data-end=\"503\">herramientas y tecnolog\u00eda actualizadas<\/strong>, garantizando una gesti\u00f3n contable eficiente, ordenada y conforme a la legalidad.<\/p><ul data-start=\"587\" data-end=\"988\"><li data-start=\"587\" data-end=\"652\"><p data-start=\"589\" data-end=\"652\">Planificaci\u00f3n, organizaci\u00f3n y supervisi\u00f3n de la contabilidad.<\/p><\/li><li data-start=\"653\" data-end=\"737\"><p data-start=\"655\" data-end=\"737\">Elaboraci\u00f3n de informes econ\u00f3mico-financieros para una mejor toma de decisiones.<\/p><\/li><li data-start=\"738\" data-end=\"816\"><p data-start=\"740\" data-end=\"816\">Registro y gesti\u00f3n de asientos contables, apertura y cierre del ejercicio.<\/p><\/li><li data-start=\"817\" data-end=\"887\"><p data-start=\"819\" data-end=\"887\">Legalizaci\u00f3n y presentaci\u00f3n de libros contables y cuentas anuales.<\/p><\/li><li data-start=\"888\" data-end=\"940\"><p data-start=\"890\" data-end=\"940\">Contabilidad de costes y control presupuestario.<\/p><\/li><li data-start=\"941\" data-end=\"988\"><p data-start=\"943\" data-end=\"988\">Aplicaci\u00f3n del Plan General Contable vigente.<\/p><\/li><\/ul>\t\t\t\t\t\t\t\t<\/div>\n\t\t\t\t<\/div>\n\t\t\t\t\t<\/div>\n\t\t\t\t<\/div>\n\t\t<div class=\"elementor-element elementor-element-da5a283 e-flex e-con-boxed e-con e-parent\" data-id=\"da5a283\" data-element_type=\"container\">\n\t\t\t\t\t<div class=\"e-con-inner\">\n\t\t<div class=\"elementor-element elementor-element-6455b1e e-con-full e-flex e-con e-child\" data-id=\"6455b1e\" data-element_type=\"container\">\n\t\t\t\t<div class=\"elementor-element elementor-element-7cae3b9 elementor-widget elementor-widget-text-editor\" data-id=\"7cae3b9\" data-element_type=\"widget\" data-widget_type=\"text-editor.default\">\n\t\t\t\t\t\t\t\t\t<h4 data-start=\"134\" data-end=\"153\">Asesor\u00eda fiscal<\/h4><p data-start=\"155\" data-end=\"426\">Ofrecemos un servicio de <strong data-start=\"180\" data-end=\"208\">asesor\u00eda fiscal integral<\/strong> para <strong data-start=\"214\" data-end=\"252\">empresas, aut\u00f3nomos y particulares<\/strong>, tanto en <strong data-start=\"263\" data-end=\"273\">Madrid<\/strong> como en el resto de Espa\u00f1a, orientado a garantizar el cumplimiento de las obligaciones tributarias y a optimizar la carga fiscal dentro del marco legal.<\/p><h5 data-start=\"428\" data-end=\"482\">\u00bfQu\u00e9 incluye nuestro servicio de asesor\u00eda fiscal?<\/h5><p data-start=\"483\" data-end=\"617\">Prestamos un asesoramiento continuo y actualizado, adaptado a la normativa fiscal vigente y a la situaci\u00f3n espec\u00edfica de cada cliente.<\/p><ul data-start=\"619\" data-end=\"1033\"><li data-start=\"619\" data-end=\"658\"><p data-start=\"621\" data-end=\"658\">Planificaci\u00f3n fiscal personalizada.<\/p><\/li><li data-start=\"659\" data-end=\"724\"><p data-start=\"661\" data-end=\"724\">Elaboraci\u00f3n y presentaci\u00f3n de impuestos peri\u00f3dicos y anuales.<\/p><\/li><li data-start=\"725\" data-end=\"784\"><p data-start=\"727\" data-end=\"784\">Declaraciones de IVA, IRPF e Impuesto sobre Sociedades.<\/p><\/li><li data-start=\"785\" data-end=\"832\"><p data-start=\"787\" data-end=\"832\">Gesti\u00f3n de retenciones y res\u00famenes anuales.<\/p><\/li><li data-start=\"833\" data-end=\"913\"><p data-start=\"835\" data-end=\"913\">Asesoramiento ante requerimientos y notificaciones de la Agencia Tributaria.<\/p><\/li><li data-start=\"914\" data-end=\"964\"><p data-start=\"916\" data-end=\"964\">Aplazamientos y fraccionamientos de impuestos.<\/p><\/li><li data-start=\"965\" data-end=\"1033\"><p data-start=\"967\" data-end=\"1033\">Revisi\u00f3n y control de obligaciones fiscales para evitar sanciones.<\/p><\/li><\/ul>\t\t\t\t\t\t\t\t<\/div>\n\t\t\t\t<\/div>\n\t\t<div class=\"elementor-element elementor-element-4ce6933 e-con-full e-flex e-con e-child\" data-id=\"4ce6933\" data-element_type=\"container\">\n\t\t\t\t<div class=\"elementor-element elementor-element-1ba97d7 elementor-widget elementor-widget-image\" data-id=\"1ba97d7\" data-element_type=\"widget\" data-widget_type=\"image.default\">\n\t\t\t\t\t\t\t\t\t\t\t\t\t\t\t<img decoding=\"async\" width=\"505\" height=\"479\" src=\"https:\/\/gestoriadesande.com\/wp-content\/uploads\/2026\/02\/2.png\" class=\"attachment-large size-large wp-image-145\" alt=\"\" srcset=\"https:\/\/gestoriadesande.com\/wp-content\/uploads\/2026\/02\/2.png 505w, https:\/\/gestoriadesande.com\/wp-content\/uploads\/2026\/02\/2-300x285.png 300w\" sizes=\"(max-width: 505px) 100vw, 505px\" \/>\t\t\t\t\t\t\t\t\t\t\t\t\t\t\t<\/div>\n\t\t\t\t<\/div>\n\t\t\t\t\t<\/div>\n\t\t\t\t<\/div>\n\t\t\t\t<\/div>\n\t\t","protected":false},"excerpt":{"rendered":"<p>AsesoramientoContable y fiscal Asesor\u00eda contable y fiscal Nos encargamos de la gesti\u00f3n contable y fiscal completa, garantizando que tu actividad cumpla con la normativa vigente y optimizando tu carga tributaria dentro de la legalidad. Realizamos la llevanza de libros contables, presentaci\u00f3n de impuestos peri\u00f3dicos y anuales, declaraciones de IVA, IRPF e Impuesto de Sociedades, as\u00ed [&hellip;]<\/p>\n","protected":false},"author":1,"featured_media":0,"parent":0,"menu_order":0,"comment_status":"closed","ping_status":"closed","template":"elementor_header_footer","meta":{"footnotes":""},"class_list":["post-32","page","type-page","status-publish","hentry"],"_links":{"self":[{"href":"https:\/\/gestoriadesande.com\/index.php?rest_route=\/wp\/v2\/pages\/32","targetHints":{"allow":["GET"]}}],"collection":[{"href":"https:\/\/gestoriadesande.com\/index.php?rest_route=\/wp\/v2\/pages"}],"about":[{"href":"https:\/\/gestoriadesande.com\/index.php?rest_route=\/wp\/v2\/types\/page"}],"author":[{"embeddable":true,"href":"https:\/\/gestoriadesande.com\/index.php?rest_route=\/wp\/v2\/users\/1"}],"replies":[{"embeddable":true,"href":"https:\/\/gestoriadesande.com\/index.php?rest_route=%2Fwp%2Fv2%2Fcomments&post=32"}],"version-history":[{"count":16,"href":"https:\/\/gestoriadesande.com\/index.php?rest_route=\/wp\/v2\/pages\/32\/revisions"}],"predecessor-version":[{"id":161,"href":"https:\/\/gestoriadesande.com\/index.php?rest_route=\/wp\/v2\/pages\/32\/revisions\/161"}],"wp:attachment":[{"href":"https:\/\/gestoriadesande.com\/index.php?rest_route=%2Fwp%2Fv2%2Fmedia&parent=32"}],"curies":[{"name":"wp","href":"https:\/\/api.w.org\/{rel}","templated":true}]}}